{"id":132,"date":"2021-10-21T14:24:16","date_gmt":"2021-10-21T14:24:16","guid":{"rendered":"https:\/\/themelocker.tech\/dustra\/?page_id=132"},"modified":"2025-03-31T07:11:05","modified_gmt":"2025-03-31T07:11:05","slug":"kontakti","status":"publish","type":"page","link":"https:\/\/baltica.lv\/en\/contact\/","title":{"rendered":"Contact"},"content":{"rendered":"<div data-elementor-type=\"wp-page\" data-elementor-id=\"132\" class=\"elementor elementor-132\">\n\t\t\t\t<div class=\"elementor-element elementor-element-ac9a174 e-con-full e-flex e-con e-parent\" data-id=\"ac9a174\" data-element_type=\"container\">\n\t\t<div class=\"elementor-element elementor-element-5449fcf e-con-full e-flex e-con e-child\" data-id=\"5449fcf\" data-element_type=\"container\">\n\t\t\t\t<div class=\"elementor-element elementor-element-3693463 elementor-widget elementor-widget-heading\" data-id=\"3693463\" data-element_type=\"widget\" data-widget_type=\"heading.default\">\n\t\t\t\t<div class=\"elementor-widget-container\">\n\t\t\t\t\t<h2 class=\"elementor-heading-title elementor-size-default\">Our team - your trusted<br> maritime partner<\/h2>\t\t\t\t<\/div>\n\t\t\t\t<\/div>\n\t\t\t\t<div class=\"elementor-element elementor-element-9d52042 elementor-widget elementor-widget-text-editor\" data-id=\"9d52042\" data-element_type=\"widget\" data-widget_type=\"text-editor.default\">\n\t\t\t\t<div class=\"elementor-widget-container\">\n\t\t\t\t\t\t\t\t\t<p>Our experienced ship agents provide the highest quality service, guaranteeing punctual and efficient ship handling. Every year we coordinate hundreds of calls at Latvian and Estonian ports, mainly for timber vessels. All our specialists are certified in accordance with the requirements of the Association and the Maritime Department of the Ministry of Transport, ensuring a professional approach to every operation. We are here to make your ship movements smooth and hitch-free!<\/p>\t\t\t\t\t\t\t\t<\/div>\n\t\t\t\t<\/div>\n\t\t\t\t<\/div>\n\t\t<div class=\"elementor-element elementor-element-6853a5c e-con-full e-flex e-con e-child\" data-id=\"6853a5c\" data-element_type=\"container\">\n\t\t\t\t<div class=\"elementor-element elementor-element-d49ce8d elementor-widget elementor-widget-image\" data-id=\"d49ce8d\" data-element_type=\"widget\" data-widget_type=\"image.default\">\n\t\t\t\t<div class=\"elementor-widget-container\">\n\t\t\t\t\t\t\t\t\t\t\t\t\t\t\t<img fetchpriority=\"high\" decoding=\"async\" width=\"800\" height=\"540\" src=\"https:\/\/baltica.lv\/wp-content\/uploads\/2025\/03\/portreti-35.jpg\" class=\"attachment-large size-large wp-image-2300\" alt=\"\" srcset=\"https:\/\/baltica.lv\/wp-content\/uploads\/2025\/03\/portreti-35.jpg 800w, https:\/\/baltica.lv\/wp-content\/uploads\/2025\/03\/portreti-35-300x203.jpg 300w, https:\/\/baltica.lv\/wp-content\/uploads\/2025\/03\/portreti-35-768x518.jpg 768w, https:\/\/baltica.lv\/wp-content\/uploads\/2025\/03\/portreti-35-18x12.jpg 18w\" sizes=\"(max-width: 800px) 100vw, 800px\" \/>\t\t\t\t\t\t\t\t\t\t\t\t\t\t\t<\/div>\n\t\t\t\t<\/div>\n\t\t\t\t<\/div>\n\t\t\t\t<\/div>\n\t\t\t\t<section class=\"elementor-section elementor-top-section elementor-element elementor-element-72b5b68 elementor-section-full_width elementor-section-stretched elementor-section-height-default elementor-section-height-default\" data-id=\"72b5b68\" data-element_type=\"section\" data-settings=\"{&quot;stretch_section&quot;:&quot;section-stretched&quot;}\">\n\t\t\t\t\t\t<div class=\"elementor-container elementor-column-gap-no\">\n\t\t\t\t\t<div class=\"elementor-column elementor-col-100 elementor-top-column elementor-element elementor-element-13fcaa2\" data-id=\"13fcaa2\" data-element_type=\"column\">\n\t\t\t<div class=\"elementor-widget-wrap elementor-element-populated\">\n\t\t\t\t\t\t<div class=\"elementor-element elementor-element-42a7944 elementor-widget elementor-widget-contact\" data-id=\"42a7944\" data-element_type=\"widget\" data-widget_type=\"contact.default\">\n\t\t\t\t<div class=\"elementor-widget-container\">\n\t\t\t\t\t\r\n    <div class=\"contact-area default-padding-top\">\r\n        <div class=\"container\">\r\n            <div class=\"contact-items\">\r\n                <div class=\"row\">\r\n                    \r\n                    <div class=\"col-lg-8 left-item\">\r\n                        <div class=\"content\">\r\n                            <h2>Send a message<\/h2>\r\n                            \n<div class=\"wpcf7 no-js\" id=\"wpcf7-f131-o1\" lang=\"en-US\" dir=\"ltr\" data-wpcf7-id=\"131\">\n<div class=\"screen-reader-response\"><p role=\"status\" aria-live=\"polite\" aria-atomic=\"true\"><\/p> <ul><\/ul><\/div>\n<form action=\"\/en\/wp-json\/wp\/v2\/pages\/132#wpcf7-f131-o1\" method=\"post\" class=\"wpcf7-form init\" aria-label=\"Contact form\" novalidate=\"novalidate\" data-status=\"init\" data-trp-original-action=\"\/en\/wp-json\/wp\/v2\/pages\/132#wpcf7-f131-o1\">\n<div style=\"display: none;\">\n<input type=\"hidden\" name=\"_wpcf7\" value=\"131\" \/>\n<input type=\"hidden\" name=\"_wpcf7_version\" value=\"6.0.2\" \/>\n<input type=\"hidden\" name=\"_wpcf7_locale\" value=\"en_US\" \/>\n<input type=\"hidden\" name=\"_wpcf7_unit_tag\" value=\"wpcf7-f131-o1\" \/>\n<input type=\"hidden\" name=\"_wpcf7_container_post\" value=\"0\" \/>\n<input type=\"hidden\" name=\"_wpcf7_posted_data_hash\" value=\"\" \/>\n<input type=\"hidden\" name=\"_wpcf7_recaptcha_response\" value=\"\" \/>\n<\/div>\n<div class=\"row contact-form\">\n\t<div class=\"col-lg-12\">\n\t\t<div class=\"form-group\">\n\t\t\t<p><span class=\"wpcf7-form-control-wrap\" data-name=\"yname\"><input size=\"40\" maxlength=\"400\" class=\"wpcf7-form-control wpcf7-text form-control\" aria-invalid=\"false\" placeholder=\"Name, surname\" value=\"\" type=\"text\" name=\"yname\" \/><\/span>\n\t\t\t<\/p>\n\t\t<\/div>\n\t<\/div>\n<\/div>\n<div class=\"row\">\n\t<div class=\"col-lg-6\">\n\t\t<div class=\"form-group\">\n\t\t\t<p><span class=\"wpcf7-form-control-wrap\" data-name=\"yemail\"><input size=\"40\" maxlength=\"400\" class=\"wpcf7-form-control wpcf7-email wpcf7-validates-as-required wpcf7-text wpcf7-validates-as-email form-control\" aria-required=\"true\" aria-invalid=\"false\" placeholder=\"Email\" value=\"\" type=\"email\" name=\"yemail\" \/><\/span>\n\t\t\t<\/p>\n\t\t<\/div>\n\t<\/div>\n\t<div class=\"col-lg-6\">\n\t\t<div class=\"form-group\">\n\t\t\t<p><span class=\"wpcf7-form-control-wrap\" data-name=\"tel\"><input size=\"40\" maxlength=\"400\" class=\"wpcf7-form-control wpcf7-text form-control\" aria-invalid=\"false\" placeholder=\"Tel. No.\" value=\"\" type=\"text\" name=\"tel\" \/><\/span>\n\t\t\t<\/p>\n\t\t<\/div>\n\t<\/div>\n<\/div>\n<div class=\"row\">\n\t<div class=\"col-lg-12\">\n\t\t<div class=\"form-group comments\">\n\t\t\t<p><span class=\"wpcf7-form-control-wrap\" data-name=\"message\"><textarea cols=\"40\" rows=\"10\" maxlength=\"2000\" class=\"wpcf7-form-control wpcf7-textarea form-control\" aria-invalid=\"false\" placeholder=\"Message *\" name=\"message\"><\/textarea><\/span>\n\t\t\t<\/p>\n\t\t<\/div>\n\t<\/div>\n<\/div>\n<div class=\"row\">\n\t<div class=\"col-lg-12\">\n\t\t<p><button type=\"submit\" name=\"submit\" id=\"submit\">Send to <i class=\"fa fa-paper-plane\"><\/i><\/button>\n\t\t<\/p>\n\t<\/div>\n<\/div><div class=\"wpcf7-response-output\" aria-hidden=\"true\"><\/div>\n<input type=\"hidden\" name=\"trp-form-language\" value=\"en\"\/><\/form>\n<\/div>\n                        <\/div>\r\n                    <\/div>\r\n\r\n                    <div class=\"col-lg-4 right-item\">\r\n                    \t\t\r\n\t                        <!-- Single Item -->\r\n\t                        <div class=\"item\">\r\n\t                            <div class=\"icon\">\r\n\t                                \t\t                            \t\t                            \t\t                               <svg aria-hidden=\"true\" class=\"e-font-icon-svg e-fas-map-marker-alt\" viewbox=\"0 0 384 512\" xmlns=\"http:\/\/www.w3.org\/2000\/svg\"><path d=\"M172.268 501.67C26.97 291.031 0 269.413 0 192 0 85.961 85.961 0 192 0s192 85.961 192 192c0 77.413-26.97 99.031-172.268 309.67-9.535 13.774-29.93 13.773-39.464 0zM192 272c44.183 0 80-35.817 80-80s-35.817-80-80-80-80 35.817-80 80 35.817 80 80 80z\"><\/path><\/svg>\t\t                            \t                            <\/div>\r\n\t                            <div class=\"info\">\r\n\t                                <h4>Address<\/h4>\r\n\t                                <p>\r\n\t                                    <p>Liep\u0101jas iela 2 - 40, LV-1002,<\/p><p>Riga, Latvia.\u00a0<\/p>\t                                <\/p>\r\n\t                            <\/div>\r\n\t                        <\/div>\r\n\t                        <!-- End Single Item -->\r\n                        \t\r\n\t                        <!-- Single Item -->\r\n\t                        <div class=\"item\">\r\n\t                            <div class=\"icon\">\r\n\t                                \t\t                            \t\t                            \t\t                               <svg aria-hidden=\"true\" class=\"e-font-icon-svg e-fas-phone-alt\" viewbox=\"0 0 512 512\" xmlns=\"http:\/\/www.w3.org\/2000\/svg\"><path d=\"M497.39 361.8l-112-48a24 24 0 0 0-28 6.9l-49.6 60.6A370.66 370.66 0 0 1 130.6 204.11l60.6-49.6a23.94 23.94 0 0 0 6.9-28l-48-112A24.16 24.16 0 0 0 122.6.61l-104 24A24 24 0 0 0 0 48c0 256.5 207.9 464 464 464a24 24 0 0 0 23.4-18.6l24-104a24.29 24.29 0 0 0-14.01-27.6z\"><\/path><\/svg>\t\t                            \t                            <\/div>\r\n\t                            <div class=\"info\">\r\n\t                                <h4>Contact<\/h4>\r\n\t                                <p>\r\n\t                                    <p>Tel: + 371 67873839,<\/p><p>Fax: + 371 66004055<\/p>\t                                <\/p>\r\n\t                            <\/div>\r\n\t                        <\/div>\r\n\t                        <!-- End Single Item -->\r\n                        \t\r\n\t                        <!-- Single Item -->\r\n\t                        <div class=\"item\">\r\n\t                            <div class=\"icon\">\r\n\t                                \t\t                            \t\t                            \t\t                               <svg aria-hidden=\"true\" class=\"e-font-icon-svg e-fas-envelope\" viewbox=\"0 0 512 512\" xmlns=\"http:\/\/www.w3.org\/2000\/svg\"><path d=\"M502.3 190.8c3.9-3.1 9.7-.2 9.7 4.7V400c0 26.5-21.5 48-48 48H48c-26.5 0-48-21.5-48-48V195.6c0-5 5.7-7.8 9.7-4.7 22.4 17.4 52.1 39.5 154.1 113.6 21.1 15.4 56.7 47.8 92.2 47.6 35.7.3 72-32.8 92.3-47.6 102-74.1 131.6-96.3 154-113.7zM256 320c23.2.4 56.6-29.2 73.4-41.4 132.7-96.3 142.8-104.7 173.4-128.7 5.8-4.5 9.2-11.5 9.2-18.9v-19c0-26.5-21.5-48-48-48H48C21.5 64 0 85.5 0 112v19c0 7.4 3.4 14.3 9.2 18.9 30.6 23.9 40.7 32.4 173.4 128.7 16.8 12.2 50.2 41.8 73.4 41.4z\"><\/path><\/svg>\t\t                            \t                            <\/div>\r\n\t                            <div class=\"info\">\r\n\t                                <h4>Email<\/h4>\r\n\t                                <p>\r\n\t                                    <p><a href=\"mailto:http:\/\/baltica@baltica.lv\">baltica@baltica.lv<\/a><\/p>\t                                <\/p>\r\n\t                            <\/div>\r\n\t                        <\/div>\r\n\t                        <!-- End Single Item -->\r\n                        \t\r\n\t                        <!-- Single Item -->\r\n\t                        <div class=\"item\">\r\n\t                            <div class=\"icon\">\r\n\t                                \t\t                            \t\t                            \t\t                               <svg aria-hidden=\"true\" class=\"e-font-icon-svg e-fas-envelope\" viewbox=\"0 0 512 512\" xmlns=\"http:\/\/www.w3.org\/2000\/svg\"><path d=\"M502.3 190.8c3.9-3.1 9.7-.2 9.7 4.7V400c0 26.5-21.5 48-48 48H48c-26.5 0-48-21.5-48-48V195.6c0-5 5.7-7.8 9.7-4.7 22.4 17.4 52.1 39.5 154.1 113.6 21.1 15.4 56.7 47.8 92.2 47.6 35.7.3 72-32.8 92.3-47.6 102-74.1 131.6-96.3 154-113.7zM256 320c23.2.4 56.6-29.2 73.4-41.4 132.7-96.3 142.8-104.7 173.4-128.7 5.8-4.5 9.2-11.5 9.2-18.9v-19c0-26.5-21.5-48-48-48H48C21.5 64 0 85.5 0 112v19c0 7.4 3.4 14.3 9.2 18.9 30.6 23.9 40.7 32.4 173.4 128.7 16.8 12.2 50.2 41.8 73.4 41.4z\"><\/path><\/svg>\t\t                            \t                            <\/div>\r\n\t                            <div class=\"info\">\r\n\t                                <h4>Estonia<\/h4>\r\n\t                                <p>\r\n\t                                    <p><a href=\"mailto:estonia.baltica@baltica.lv\">estonia.baltica@baltica.lv<\/a><\/p>\t                                <\/p>\r\n\t                            <\/div>\r\n\t                        <\/div>\r\n\t                        <!-- End Single Item -->\r\n                         \r\n                    <\/div>\r\n\r\n                <\/div>\r\n            <\/div>\r\n        <\/div>\r\n    <\/div>\r\n    <!-- End Contact -->\r\n\t\t\t\t\t<\/div>\n\t\t\t\t<\/div>\n\t\t\t\t\t<\/div>\n\t\t<\/div>\n\t\t\t\t\t<\/div>\n\t\t<\/section>\n\t\t\t\t<section class=\"elementor-section elementor-top-section elementor-element elementor-element-601305b elementor-section-full_width elementor-section-stretched elementor-section-height-default elementor-section-height-default\" data-id=\"601305b\" data-element_type=\"section\" data-settings=\"{&quot;stretch_section&quot;:&quot;section-stretched&quot;}\">\n\t\t\t\t\t\t<div class=\"elementor-container elementor-column-gap-no\">\n\t\t\t\t\t<div class=\"elementor-column elementor-col-100 elementor-top-column elementor-element elementor-element-4e83867\" data-id=\"4e83867\" data-element_type=\"column\">\n\t\t\t<div class=\"elementor-widget-wrap elementor-element-populated\">\n\t\t\t\t\t\t<div class=\"elementor-element elementor-element-3bc2612 elementor-widget elementor-widget-google_maps\" data-id=\"3bc2612\" data-element_type=\"widget\" data-widget_type=\"google_maps.default\">\n\t\t\t\t<div class=\"elementor-widget-container\">\n\t\t\t\t\t\t\t<div class=\"elementor-custom-embed\">\n\t\t\t<iframe loading=\"lazy\"\n\t\t\t\t\tsrc=\"https:\/\/maps.google.com\/maps?q=Liep%C4%81jas%20iela%202%20-%2040%2C%20LV-1002%2C%20R%C4%ABga%2C&#038;t=m&#038;z=12&#038;output=embed&#038;iwloc=near\"\n\t\t\t\t\ttitle=\"Liep\u0101jas iela 2 - 40, LV-1002, Riga,\"\n\t\t\t\t\taria-label=\"Liep\u0101jas iela 2 - 40, LV-1002, Riga,\"\n\t\t\t><\/iframe>\n\t\t<\/div>\n\t\t\t\t\t\t<\/div>\n\t\t\t\t<\/div>\n\t\t\t\t\t<\/div>\n\t\t<\/div>\n\t\t\t\t\t<\/div>\n\t\t<\/section>\n\t\t\t\t<\/div>","protected":false},"excerpt":{"rendered":"<p>Our team - your trusted maritime partner Our experienced ship agents provide top quality services, guaranteeing accurate and efficient ship handling. Every year we coordinate hundreds of calls at Latvian and Estonian ports, mainly for timber vessels. All our specialists are certified in accordance with the requirements of the Association and the Maritime Department of the Ministry of Transport, ensuring a professional approach to every operation. [...]<\/p>","protected":false},"author":1,"featured_media":0,"parent":0,"menu_order":0,"comment_status":"closed","ping_status":"closed","template":"page-template\/dustra-template.php","meta":{"footnotes":""},"class_list":["post-132","page","type-page","status-publish","hentry"],"yoast_head":"<!-- This site is optimized with the Yoast SEO plugin v24.2 - https:\/\/yoast.com\/wordpress\/plugins\/seo\/ -->\n<title>Kontakti<\/title>\n<meta name=\"robots\" content=\"index, follow, max-snippet:-1, max-image-preview:large, max-video-preview:-1\" \/>\n<link rel=\"canonical\" href=\"https:\/\/baltica.lv\/en\/contact\/\" \/>\n<meta property=\"og:locale\" content=\"en_US\" \/>\n<meta property=\"og:type\" content=\"article\" \/>\n<meta property=\"og:title\" content=\"Kontakti\" \/>\n<meta property=\"og:description\" content=\"M\u016bsu komanda \u2013 j\u016bsu uzticamais partneris j\u016brniec\u012bb\u0101 M\u016bsu pieredz\u0113ju\u0161ie ku\u0123u a\u0123enti nodro\u0161ina augst\u0101k\u0101s kvalit\u0101tes pakalpojumus, garant\u0113jot prec\u012bzu un efekt\u012bvu ku\u0123u apkalpo\u0161anu. Katru gadu m\u0113s koordin\u0113jam simtiem ien\u0101cienu Latvijas un Igaunijas ost\u0101s, galvenok\u0101rt apkalpojot ku\u0123us ar kokmateri\u0101lu kravu. Visi m\u016bsu speci\u0101listi ir sertific\u0113ti, atbilsto\u0161i Asoci\u0101cijas un Satiksmes ministrijas J\u016brniec\u012bbas departamenta pras\u012bb\u0101m, nodro\u0161inot profesion\u0101lu pieeju ikvienai oper\u0101cijai. [&hellip;]\" \/>\n<meta property=\"og:url\" content=\"https:\/\/baltica.lv\/en\/contact\/\" \/>\n<meta property=\"og:site_name\" content=\"Baltic Shipping ku\u0123u a\u0123ent\u016bra\" \/>\n<meta property=\"article:modified_time\" content=\"2025-03-31T07:11:05+00:00\" \/>\n<meta property=\"og:image\" content=\"https:\/\/baltica.lv\/wp-content\/uploads\/2025\/03\/portreti-35.jpg\" \/>\n\t<meta property=\"og:image:width\" content=\"800\" \/>\n\t<meta property=\"og:image:height\" content=\"540\" \/>\n\t<meta property=\"og:image:type\" content=\"image\/jpeg\" \/>\n<meta name=\"twitter:card\" content=\"summary_large_image\" \/>\n<meta name=\"twitter:label1\" content=\"Est. reading time\" \/>\n\t<meta name=\"twitter:data1\" content=\"1 minute\" \/>\n<script type=\"application\/ld+json\" class=\"yoast-schema-graph\">{\"@context\":\"https:\/\/schema.org\",\"@graph\":[{\"@type\":\"WebPage\",\"@id\":\"https:\/\/baltica.lv\/kontakti\/\",\"url\":\"https:\/\/baltica.lv\/kontakti\/\",\"name\":\"Kontakti\",\"isPartOf\":{\"@id\":\"https:\/\/baltica.lv\/#website\"},\"primaryImageOfPage\":{\"@id\":\"https:\/\/baltica.lv\/kontakti\/#primaryimage\"},\"image\":{\"@id\":\"https:\/\/baltica.lv\/kontakti\/#primaryimage\"},\"thumbnailUrl\":\"https:\/\/baltica.lv\/wp-content\/uploads\/2025\/03\/portreti-35.jpg\",\"datePublished\":\"2021-10-21T14:24:16+00:00\",\"dateModified\":\"2025-03-31T07:11:05+00:00\",\"breadcrumb\":{\"@id\":\"https:\/\/baltica.lv\/kontakti\/#breadcrumb\"},\"inLanguage\":\"en-US\",\"potentialAction\":[{\"@type\":\"ReadAction\",\"target\":[\"https:\/\/baltica.lv\/kontakti\/\"]}]},{\"@type\":\"ImageObject\",\"inLanguage\":\"en-US\",\"@id\":\"https:\/\/baltica.lv\/kontakti\/#primaryimage\",\"url\":\"https:\/\/baltica.lv\/wp-content\/uploads\/2025\/03\/portreti-35.jpg\",\"contentUrl\":\"https:\/\/baltica.lv\/wp-content\/uploads\/2025\/03\/portreti-35.jpg\"},{\"@type\":\"BreadcrumbList\",\"@id\":\"https:\/\/baltica.lv\/kontakti\/#breadcrumb\",\"itemListElement\":[{\"@type\":\"ListItem\",\"position\":1,\"name\":\"Home\",\"item\":\"https:\/\/baltica.lv\/\"},{\"@type\":\"ListItem\",\"position\":2,\"name\":\"Kontakti\"}]},{\"@type\":\"WebSite\",\"@id\":\"https:\/\/baltica.lv\/#website\",\"url\":\"https:\/\/baltica.lv\/\",\"name\":\"Blatica Shipping ku\u0123u a\u0123ent\u016bra\",\"description\":\"M\u0113s darbojamies k\u0101 ku\u0123u a\u0123enti vis\u0101s Latvijas un Igaunijas ost\u0101s. Ku\u0123u a\u0123ent\u0113\u0161anas pakalpojumi nodro\u0161ina efekt\u012bvu un prec\u012bzu j\u016bsu ku\u0123u oper\u0101ciju vad\u012bbu\",\"publisher\":{\"@id\":\"https:\/\/baltica.lv\/#organization\"},\"potentialAction\":[{\"@type\":\"SearchAction\",\"target\":{\"@type\":\"EntryPoint\",\"urlTemplate\":\"https:\/\/baltica.lv\/?s={search_term_string}\"},\"query-input\":{\"@type\":\"PropertyValueSpecification\",\"valueRequired\":true,\"valueName\":\"search_term_string\"}}],\"inLanguage\":\"en-US\"},{\"@type\":\"Organization\",\"@id\":\"https:\/\/baltica.lv\/#organization\",\"name\":\"Baltica Shipping\",\"url\":\"https:\/\/baltica.lv\/\",\"logo\":{\"@type\":\"ImageObject\",\"inLanguage\":\"en-US\",\"@id\":\"https:\/\/baltica.lv\/#\/schema\/logo\/image\/\",\"url\":\"https:\/\/baltica.lv\/wp-content\/uploads\/2024\/10\/Baltica_shipping-removebg-preview.png\",\"contentUrl\":\"https:\/\/baltica.lv\/wp-content\/uploads\/2024\/10\/Baltica_shipping-removebg-preview.png\",\"width\":311,\"height\":112,\"caption\":\"Baltica Shipping\"},\"image\":{\"@id\":\"https:\/\/baltica.lv\/#\/schema\/logo\/image\/\"}}]}<\/script>\n<!-- \/ Yoast SEO plugin. -->","yoast_head_json":{"title":"Kontakti","robots":{"index":"index","follow":"follow","max-snippet":"max-snippet:-1","max-image-preview":"max-image-preview:large","max-video-preview":"max-video-preview:-1"},"canonical":"https:\/\/baltica.lv\/en\/contact\/","og_locale":"en_US","og_type":"article","og_title":"Kontakti","og_description":"M\u016bsu komanda \u2013 j\u016bsu uzticamais partneris j\u016brniec\u012bb\u0101 M\u016bsu pieredz\u0113ju\u0161ie ku\u0123u a\u0123enti nodro\u0161ina augst\u0101k\u0101s kvalit\u0101tes pakalpojumus, garant\u0113jot prec\u012bzu un efekt\u012bvu ku\u0123u apkalpo\u0161anu. Katru gadu m\u0113s koordin\u0113jam simtiem ien\u0101cienu Latvijas un Igaunijas ost\u0101s, galvenok\u0101rt apkalpojot ku\u0123us ar kokmateri\u0101lu kravu. Visi m\u016bsu speci\u0101listi ir sertific\u0113ti, atbilsto\u0161i Asoci\u0101cijas un Satiksmes ministrijas J\u016brniec\u012bbas departamenta pras\u012bb\u0101m, nodro\u0161inot profesion\u0101lu pieeju ikvienai oper\u0101cijai. [&hellip;]","og_url":"https:\/\/baltica.lv\/en\/contact\/","og_site_name":"Baltic Shipping ku\u0123u a\u0123ent\u016bra","article_modified_time":"2025-03-31T07:11:05+00:00","og_image":[{"width":800,"height":540,"url":"https:\/\/baltica.lv\/wp-content\/uploads\/2025\/03\/portreti-35.jpg","type":"image\/jpeg"}],"twitter_card":"summary_large_image","twitter_misc":{"Est. reading time":"1 minute"},"schema":{"@context":"https:\/\/schema.org","@graph":[{"@type":"WebPage","@id":"https:\/\/baltica.lv\/kontakti\/","url":"https:\/\/baltica.lv\/kontakti\/","name":"Kontakti","isPartOf":{"@id":"https:\/\/baltica.lv\/#website"},"primaryImageOfPage":{"@id":"https:\/\/baltica.lv\/kontakti\/#primaryimage"},"image":{"@id":"https:\/\/baltica.lv\/kontakti\/#primaryimage"},"thumbnailUrl":"https:\/\/baltica.lv\/wp-content\/uploads\/2025\/03\/portreti-35.jpg","datePublished":"2021-10-21T14:24:16+00:00","dateModified":"2025-03-31T07:11:05+00:00","breadcrumb":{"@id":"https:\/\/baltica.lv\/kontakti\/#breadcrumb"},"inLanguage":"en-US","potentialAction":[{"@type":"ReadAction","target":["https:\/\/baltica.lv\/kontakti\/"]}]},{"@type":"ImageObject","inLanguage":"en-US","@id":"https:\/\/baltica.lv\/kontakti\/#primaryimage","url":"https:\/\/baltica.lv\/wp-content\/uploads\/2025\/03\/portreti-35.jpg","contentUrl":"https:\/\/baltica.lv\/wp-content\/uploads\/2025\/03\/portreti-35.jpg"},{"@type":"BreadcrumbList","@id":"https:\/\/baltica.lv\/kontakti\/#breadcrumb","itemListElement":[{"@type":"ListItem","position":1,"name":"Home","item":"https:\/\/baltica.lv\/"},{"@type":"ListItem","position":2,"name":"Kontakti"}]},{"@type":"WebSite","@id":"https:\/\/baltica.lv\/#website","url":"https:\/\/baltica.lv\/","name":"Blatica Shipping ku\u0123u a\u0123ent\u016bra","description":"M\u0113s darbojamies k\u0101 ku\u0123u a\u0123enti vis\u0101s Latvijas un Igaunijas ost\u0101s. Ku\u0123u a\u0123ent\u0113\u0161anas pakalpojumi nodro\u0161ina efekt\u012bvu un prec\u012bzu j\u016bsu ku\u0123u oper\u0101ciju vad\u012bbu","publisher":{"@id":"https:\/\/baltica.lv\/#organization"},"potentialAction":[{"@type":"SearchAction","target":{"@type":"EntryPoint","urlTemplate":"https:\/\/baltica.lv\/?s={search_term_string}"},"query-input":{"@type":"PropertyValueSpecification","valueRequired":true,"valueName":"search_term_string"}}],"inLanguage":"en-US"},{"@type":"Organization","@id":"https:\/\/baltica.lv\/#organization","name":"Baltica Shipping","url":"https:\/\/baltica.lv\/","logo":{"@type":"ImageObject","inLanguage":"en-US","@id":"https:\/\/baltica.lv\/#\/schema\/logo\/image\/","url":"https:\/\/baltica.lv\/wp-content\/uploads\/2024\/10\/Baltica_shipping-removebg-preview.png","contentUrl":"https:\/\/baltica.lv\/wp-content\/uploads\/2024\/10\/Baltica_shipping-removebg-preview.png","width":311,"height":112,"caption":"Baltica Shipping"},"image":{"@id":"https:\/\/baltica.lv\/#\/schema\/logo\/image\/"}}]}},"_links":{"self":[{"href":"https:\/\/baltica.lv\/en\/wp-json\/wp\/v2\/pages\/132","targetHints":{"allow":["GET"]}}],"collection":[{"href":"https:\/\/baltica.lv\/en\/wp-json\/wp\/v2\/pages"}],"about":[{"href":"https:\/\/baltica.lv\/en\/wp-json\/wp\/v2\/types\/page"}],"author":[{"embeddable":true,"href":"https:\/\/baltica.lv\/en\/wp-json\/wp\/v2\/users\/1"}],"replies":[{"embeddable":true,"href":"https:\/\/baltica.lv\/en\/wp-json\/wp\/v2\/comments?post=132"}],"version-history":[{"count":15,"href":"https:\/\/baltica.lv\/en\/wp-json\/wp\/v2\/pages\/132\/revisions"}],"predecessor-version":[{"id":2306,"href":"https:\/\/baltica.lv\/en\/wp-json\/wp\/v2\/pages\/132\/revisions\/2306"}],"wp:attachment":[{"href":"https:\/\/baltica.lv\/en\/wp-json\/wp\/v2\/media?parent=132"}],"curies":[{"name":"wp","href":"https:\/\/api.w.org\/{rel}","templated":true}]}}