{"id":149,"date":"2021-10-21T14:36:36","date_gmt":"2021-10-21T14:36:36","guid":{"rendered":"https:\/\/themelocker.tech\/dustra\/?page_id=149"},"modified":"2025-03-28T13:08:35","modified_gmt":"2025-03-28T13:08:35","slug":"personals","status":"publish","type":"page","link":"https:\/\/baltica.lv\/en\/staff\/","title":{"rendered":"Staff"},"content":{"rendered":"<div data-elementor-type=\"wp-page\" data-elementor-id=\"149\" class=\"elementor elementor-149\">\n\t\t\t\t\t\t<section class=\"elementor-section elementor-top-section elementor-element elementor-element-2f63098 elementor-section-full_width elementor-section-stretched elementor-section-height-default elementor-section-height-default\" data-id=\"2f63098\" data-element_type=\"section\" data-settings=\"{&quot;stretch_section&quot;:&quot;section-stretched&quot;,&quot;background_background&quot;:&quot;classic&quot;}\">\n\t\t\t\t\t\t<div class=\"elementor-container elementor-column-gap-no\">\n\t\t\t\t\t<div class=\"elementor-column elementor-col-100 elementor-top-column elementor-element elementor-element-515e371\" data-id=\"515e371\" data-element_type=\"column\">\n\t\t\t<div class=\"elementor-widget-wrap elementor-element-populated\">\n\t\t\t\t\t\t<div class=\"elementor-element elementor-element-8524b5f elementor-widget elementor-widget-teammember\" data-id=\"8524b5f\" data-element_type=\"widget\" data-widget_type=\"teammember.default\">\n\t\t\t\t<div class=\"elementor-widget-container\">\n\t\t\t\t\t\t\t<!-- Start Team Area \n\t    ============================================= -->\n\t    <div class=\"team-area\">\n\t        \n\t        \t        <div class=\"container\">\n\t        \t\t            <div class=\"team-items text-center\">\n\t                <div class=\"row r-gap-15\">\n\n\t                \t\t                    <!-- Single Item -->\n\t                    <div class=\"col-lg-3 col-md-6 single-item\">\n\t                        <div class=\"item\">\n\t                            <div class=\"thumb\">\n\t                            \t\t\t\t                            <div class=\"thumb\">\n\t\t\t\t\t\t\t\t\t\t\t<img fetchpriority=\"high\" decoding=\"async\" width=\"800\" height=\"900\" src=\"https:\/\/baltica.lv\/wp-content\/uploads\/2021\/10\/Untitled-design-25.jpg\" class=\"attachment-post-thumbnail size-post-thumbnail wp-post-image\" alt=\"\" srcset=\"https:\/\/baltica.lv\/wp-content\/uploads\/2021\/10\/Untitled-design-25.jpg 800w, https:\/\/baltica.lv\/wp-content\/uploads\/2021\/10\/Untitled-design-25-267x300.jpg 267w, https:\/\/baltica.lv\/wp-content\/uploads\/2021\/10\/Untitled-design-25-768x864.jpg 768w, https:\/\/baltica.lv\/wp-content\/uploads\/2021\/10\/Untitled-design-25-11x12.jpg 11w\" sizes=\"(max-width: 800px) 100vw, 800px\" \/>\t\t\t                            <\/div>\n\t\t                            \t                                <div class=\"info\">\n\t                                    <a href=\"https:\/\/baltica.lv\/en\/team\/didzi-anderson\/\"><h4>Didzis Andersons<\/h4><\/a>\n\t                                    <span>Ship agent<\/span>\n\t                                <\/div>\n\t                                <div class=\"overlay text-light\">\n\t                                    <a href=\"https:\/\/baltica.lv\/en\/team\/didzi-anderson\/\"><h4>Didzis Andersons<\/h4><\/a>\n\t\t                                <p>Email: baltica@baltica.lv Tel: + 371 29196973<\/p>\n\t                                    <ul>\t\t                                    <li class=\"facebook\">\n\t\t                                        <a href=\"\"><i class=\"fab fa-facebook-f\"><\/i><\/a>\n\t\t                                    <\/li>\n\t\t                                    <li class=\"twitter\">\n\t\t                                        <a href=\"\"><i class=\"fab fa-twitter\"><\/i><\/a>\n\t\t                                    <\/li>\n\t\t                                    <li class=\"youtube\">\n\t\t                                        <a href=\"\"><i class=\"fab fa-youtube\"><\/i><\/a>\n\t\t                                    <\/li>\n\t\t                                <\/ul>\n\t                                <\/div>\n\t                            <\/div>\n\t                        <\/div>\n\t                    <\/div>\n\t                    <!-- End Single Item -->\n\t                    \t                    <!-- Single Item -->\n\t                    <div class=\"col-lg-3 col-md-6 single-item\">\n\t                        <div class=\"item\">\n\t                            <div class=\"thumb\">\n\t                            \t\t\t\t                            <div class=\"thumb\">\n\t\t\t\t\t\t\t\t\t\t\t<img decoding=\"async\" width=\"800\" height=\"900\" src=\"https:\/\/baltica.lv\/wp-content\/uploads\/2022\/03\/2.jpg\" class=\"attachment-post-thumbnail size-post-thumbnail wp-post-image\" alt=\"\" srcset=\"https:\/\/baltica.lv\/wp-content\/uploads\/2022\/03\/2.jpg 800w, https:\/\/baltica.lv\/wp-content\/uploads\/2022\/03\/2-267x300.jpg 267w, https:\/\/baltica.lv\/wp-content\/uploads\/2022\/03\/2-768x864.jpg 768w, https:\/\/baltica.lv\/wp-content\/uploads\/2022\/03\/2-11x12.jpg 11w\" sizes=\"(max-width: 800px) 100vw, 800px\" \/>\t\t\t                            <\/div>\n\t\t                            \t                                <div class=\"info\">\n\t                                    <a href=\"https:\/\/baltica.lv\/en\/team\/elina-berzina\/\"><h4>El\u012bna B\u0113rzina<\/h4><\/a>\n\t                                    <span>Ship agent<\/span>\n\t                                <\/div>\n\t                                <div class=\"overlay text-light\">\n\t                                    <a href=\"https:\/\/baltica.lv\/en\/team\/elina-berzina\/\"><h4>El\u012bna B\u0113rzina<\/h4><\/a>\n\t\t                                <p>Email: baltica@baltica.lv Tel: + 371 22023351<\/p>\n\t                                    <ul>\t\t                                    <li class=\"facebook\">\n\t\t                                        <a href=\"\"><i class=\"fab fa-facebook-f\"><\/i><\/a>\n\t\t                                    <\/li>\n\t\t                                    <li class=\"twitter\">\n\t\t                                        <a href=\"\"><i class=\"fab fa-twitter\"><\/i><\/a>\n\t\t                                    <\/li>\n\t\t                                    <li class=\"youtube\">\n\t\t                                        <a href=\"\"><i class=\"fab fa-youtube\"><\/i><\/a>\n\t\t                                    <\/li>\n\t\t                                <\/ul>\n\t                                <\/div>\n\t                            <\/div>\n\t                        <\/div>\n\t                    <\/div>\n\t                    <!-- End Single Item -->\n\t                    \t                    <!-- Single Item -->\n\t                    <div class=\"col-lg-3 col-md-6 single-item\">\n\t                        <div class=\"item\">\n\t                            <div class=\"thumb\">\n\t                            \t\t\t\t                            <div class=\"thumb\">\n\t\t\t\t\t\t\t\t\t\t\t<img decoding=\"async\" width=\"800\" height=\"900\" src=\"https:\/\/baltica.lv\/wp-content\/uploads\/2021\/10\/Untitled-design-22.jpg\" class=\"attachment-post-thumbnail size-post-thumbnail wp-post-image\" alt=\"\" srcset=\"https:\/\/baltica.lv\/wp-content\/uploads\/2021\/10\/Untitled-design-22.jpg 800w, https:\/\/baltica.lv\/wp-content\/uploads\/2021\/10\/Untitled-design-22-267x300.jpg 267w, https:\/\/baltica.lv\/wp-content\/uploads\/2021\/10\/Untitled-design-22-768x864.jpg 768w, https:\/\/baltica.lv\/wp-content\/uploads\/2021\/10\/Untitled-design-22-11x12.jpg 11w\" sizes=\"(max-width: 800px) 100vw, 800px\" \/>\t\t\t                            <\/div>\n\t\t                            \t                                <div class=\"info\">\n\t                                    <a href=\"https:\/\/baltica.lv\/en\/team\/arturs-tile\/\"><h4>Art\u016brs T\u012ble<\/h4><\/a>\n\t                                    <span>Director<\/span>\n\t                                <\/div>\n\t                                <div class=\"overlay text-light\">\n\t                                    <a href=\"https:\/\/baltica.lv\/en\/team\/arturs-tile\/\"><h4>Art\u016brs T\u012ble<\/h4><\/a>\n\t\t                                <p>Email: arturs.tile@baltica.lv Tel: + 371 26336422<\/p>\n\t                                    <ul>\t\t                                    <li class=\"facebook\">\n\t\t                                        <a href=\"\"><i class=\"fab fa-facebook-f\"><\/i><\/a>\n\t\t                                    <\/li>\n\t\t                                    <li class=\"twitter\">\n\t\t                                        <a href=\"\"><i class=\"fab fa-twitter\"><\/i><\/a>\n\t\t                                    <\/li>\n\t\t                                    <li class=\"youtube\">\n\t\t                                        <a href=\"\"><i class=\"fab fa-youtube\"><\/i><\/a>\n\t\t                                    <\/li>\n\t\t                                <\/ul>\n\t                                <\/div>\n\t                            <\/div>\n\t                        <\/div>\n\t                    <\/div>\n\t                    <!-- End Single Item -->\n\t                    \t                    <!-- Single Item -->\n\t                    <div class=\"col-lg-3 col-md-6 single-item\">\n\t                        <div class=\"item\">\n\t                            <div class=\"thumb\">\n\t                            \t\t\t\t                            <div class=\"thumb\">\n\t\t\t\t\t\t\t\t\t\t\t<img loading=\"lazy\" decoding=\"async\" width=\"800\" height=\"900\" src=\"https:\/\/baltica.lv\/wp-content\/uploads\/2022\/03\/Untitled-design-23.jpg\" class=\"attachment-post-thumbnail size-post-thumbnail wp-post-image\" alt=\"\" srcset=\"https:\/\/baltica.lv\/wp-content\/uploads\/2022\/03\/Untitled-design-23.jpg 800w, https:\/\/baltica.lv\/wp-content\/uploads\/2022\/03\/Untitled-design-23-267x300.jpg 267w, https:\/\/baltica.lv\/wp-content\/uploads\/2022\/03\/Untitled-design-23-768x864.jpg 768w, https:\/\/baltica.lv\/wp-content\/uploads\/2022\/03\/Untitled-design-23-11x12.jpg 11w\" sizes=\"(max-width: 800px) 100vw, 800px\" \/>\t\t\t                            <\/div>\n\t\t                            \t                                <div class=\"info\">\n\t                                    <a href=\"https:\/\/baltica.lv\/en\/team\/inta-vinovska\/\"><h4>Inta Vinovska<\/h4><\/a>\n\t                                    <span>Ship agent<\/span>\n\t                                <\/div>\n\t                                <div class=\"overlay text-light\">\n\t                                    <a href=\"https:\/\/baltica.lv\/en\/team\/inta-vinovska\/\"><h4>Inta Vinovska<\/h4><\/a>\n\t\t                                <p>Email: baltica@baltica.lv Tel: + 371 28011711<\/p>\n\t                                    <ul>\t\t                                    <li class=\"facebook\">\n\t\t                                        <a href=\"\"><i class=\"fab fa-facebook-f\"><\/i><\/a>\n\t\t                                    <\/li>\n\t\t                                    <li class=\"twitter\">\n\t\t                                        <a href=\"\"><i class=\"fab fa-twitter\"><\/i><\/a>\n\t\t                                    <\/li>\n\t\t                                    <li class=\"youtube\">\n\t\t                                        <a href=\"\"><i class=\"fab fa-youtube\"><\/i><\/a>\n\t\t                                    <\/li>\n\t\t                                <\/ul>\n\t                                <\/div>\n\t                            <\/div>\n\t                        <\/div>\n\t                    <\/div>\n\t                    <!-- End Single Item -->\n\t                    \t                    <!-- Single Item -->\n\t                    <div class=\"col-lg-3 col-md-6 single-item\">\n\t                        <div class=\"item\">\n\t                            <div class=\"thumb\">\n\t                            \t\t\t\t                            <div class=\"thumb\">\n\t\t\t\t\t\t\t\t\t\t\t<img loading=\"lazy\" decoding=\"async\" width=\"800\" height=\"900\" src=\"https:\/\/baltica.lv\/wp-content\/uploads\/2022\/03\/1.jpg\" class=\"attachment-post-thumbnail size-post-thumbnail wp-post-image\" alt=\"\" srcset=\"https:\/\/baltica.lv\/wp-content\/uploads\/2022\/03\/1.jpg 800w, https:\/\/baltica.lv\/wp-content\/uploads\/2022\/03\/1-267x300.jpg 267w, https:\/\/baltica.lv\/wp-content\/uploads\/2022\/03\/1-768x864.jpg 768w, https:\/\/baltica.lv\/wp-content\/uploads\/2022\/03\/1-11x12.jpg 11w\" sizes=\"(max-width: 800px) 100vw, 800px\" \/>\t\t\t                            <\/div>\n\t\t                            \t                                <div class=\"info\">\n\t                                    <a href=\"https:\/\/baltica.lv\/en\/team\/elina-ansmite\/\"><h4>El\u012bna An\u0161mite<\/h4><\/a>\n\t                                    <span>Office administrator<\/span>\n\t                                <\/div>\n\t                                <div class=\"overlay text-light\">\n\t                                    <a href=\"https:\/\/baltica.lv\/en\/team\/elina-ansmite\/\"><h4>El\u012bna An\u0161mite<\/h4><\/a>\n\t\t                                <p>Email: elina.vasiljeva@baltica.lv Tel: + 371 67873840<\/p>\n\t                                    <ul>\t\t                                    <li class=\"facebook\">\n\t\t                                        <a href=\"\"><i class=\"fab fa-facebook-f\"><\/i><\/a>\n\t\t                                    <\/li>\n\t\t                                    <li class=\"twitter\">\n\t\t                                        <a href=\"\"><i class=\"fab fa-twitter\"><\/i><\/a>\n\t\t                                    <\/li>\n\t\t                                    <li class=\"youtube\">\n\t\t                                        <a href=\"\"><i class=\"fab fa-youtube\"><\/i><\/a>\n\t\t                                    <\/li>\n\t\t                                <\/ul>\n\t                                <\/div>\n\t                            <\/div>\n\t                        <\/div>\n\t                    <\/div>\n\t                    <!-- End Single Item -->\n\t                    \t                    <!-- Single Item -->\n\t                    <div class=\"col-lg-3 col-md-6 single-item\">\n\t                        <div class=\"item\">\n\t                            <div class=\"thumb\">\n\t                            \t\t\t\t                            <div class=\"thumb\">\n\t\t\t\t\t\t\t\t\t\t\t<img loading=\"lazy\" decoding=\"async\" width=\"800\" height=\"900\" src=\"https:\/\/baltica.lv\/wp-content\/uploads\/2021\/10\/Untitled-design-24.jpg\" class=\"attachment-post-thumbnail size-post-thumbnail wp-post-image\" alt=\"\" srcset=\"https:\/\/baltica.lv\/wp-content\/uploads\/2021\/10\/Untitled-design-24.jpg 800w, https:\/\/baltica.lv\/wp-content\/uploads\/2021\/10\/Untitled-design-24-267x300.jpg 267w, https:\/\/baltica.lv\/wp-content\/uploads\/2021\/10\/Untitled-design-24-768x864.jpg 768w, https:\/\/baltica.lv\/wp-content\/uploads\/2021\/10\/Untitled-design-24-11x12.jpg 11w\" sizes=\"(max-width: 800px) 100vw, 800px\" \/>\t\t\t                            <\/div>\n\t\t                            \t                                <div class=\"info\">\n\t                                    <a href=\"https:\/\/baltica.lv\/en\/team\/thomas-tiles\/\"><h4>Tomass T\u012ble<\/h4><\/a>\n\t                                    <span>Ship agent<\/span>\n\t                                <\/div>\n\t                                <div class=\"overlay text-light\">\n\t                                    <a href=\"https:\/\/baltica.lv\/en\/team\/thomas-tiles\/\"><h4>Tomass T\u012ble<\/h4><\/a>\n\t\t                                <p>Email: tomass.tile@baltica.lv Tel: +371 26354332<\/p>\n\t                                    <ul>\t\t                                    <li class=\"facebook\">\n\t\t                                        <a href=\"\"><i class=\"fab fa-facebook-f\"><\/i><\/a>\n\t\t                                    <\/li>\n\t\t                                    <li class=\"twitter\">\n\t\t                                        <a href=\"\"><i class=\"fab fa-twitter\"><\/i><\/a>\n\t\t                                    <\/li>\n\t\t                                    <li class=\"youtube\">\n\t\t                                        <a href=\"\"><i class=\"fab fa-youtube\"><\/i><\/a>\n\t\t                                    <\/li>\n\t\t                                <\/ul>\n\t                                <\/div>\n\t                            <\/div>\n\t                        <\/div>\n\t                    <\/div>\n\t                    <!-- End Single Item -->\n\t                     \n\t                <\/div>\n\t            <\/div>\n\t        <\/div>\n\t    <\/div>\n\t    <!-- End Team Area -->\n\n\t    \t\t\t\t<\/div>\n\t\t\t\t<\/div>\n\t\t\t\t\t<\/div>\n\t\t<\/div>\n\t\t\t\t\t<\/div>\n\t\t<\/section>\n\t\t\t\t<\/div>","protected":false},"excerpt":{"rendered":"<p>Didzis Andersons Ship Agent Didzis Andersons Email: baltica@baltica.lv Tel: + 371 29196973 El\u012bna B\u0113rzi\u0146a Ship Agent El\u012bna B\u0113rzi\u0146a Email: baltica@baltica.lv Tel: + 371 22023351 Art\u016brs T\u012ble Director Art\u016brs T\u012ble Email: arturs.tile@baltica.lv Tel.: + 371 26336422 Inta Vinovska Ship Agent Inta Vinovska Email: baltica@baltica.lv Tel: + 371 28011711 Vilnis Vosekalns Ship Agent Vilnis Vosekalns Email: baltica@baltica.lv Tel: + 371 26199333 El\u012bna An\u0161mite Office Administrator El\u012bna An\u0161mite Email: elina.vasiljeva@baltica.lv Tel: + 371 67873840<\/p>","protected":false},"author":1,"featured_media":0,"parent":0,"menu_order":0,"comment_status":"closed","ping_status":"closed","template":"page-template\/dustra-template.php","meta":{"footnotes":""},"class_list":["post-149","page","type-page","status-publish","hentry"],"yoast_head":"<!-- This site is optimized with the Yoast SEO plugin v24.2 - https:\/\/yoast.com\/wordpress\/plugins\/seo\/ -->\n<title>Person\u0101ls<\/title>\n<meta name=\"robots\" content=\"index, follow, max-snippet:-1, max-image-preview:large, max-video-preview:-1\" \/>\n<link rel=\"canonical\" href=\"https:\/\/baltica.lv\/en\/staff\/\" \/>\n<meta property=\"og:locale\" content=\"en_US\" \/>\n<meta property=\"og:type\" content=\"article\" \/>\n<meta property=\"og:title\" content=\"Person\u0101ls\" \/>\n<meta property=\"og:description\" content=\"Didzis Andersons Ku\u0123u a\u0123ents Didzis Andersons Epasts:\u00a0baltica@baltica.lv Tel.:\u00a0+\u00a0371\u00a029196973 El\u012bna B\u0113rzi\u0146a Ku\u0123u a\u0123ents El\u012bna B\u0113rzi\u0146a Epasts:\u00a0baltica@baltica.lv Tel.:\u00a0+\u00a0371\u00a022023351 Art\u016brs T\u012ble Direktors Art\u016brs T\u012ble Epasts:\u00a0arturs.tile@baltica.lv Tel.:\u00a0+\u00a0371\u00a026336422 Inta Vinovska Ku\u0123u a\u0123ents Inta Vinovska Epasts:\u00a0baltica@baltica.lv Tel.:\u00a0+\u00a0371\u00a028011711 Vilnis Vosekalns Ku\u0123u a\u0123ents Vilnis Vosekalns Epasts:\u00a0baltica@baltica.lv Tel.:\u00a0+\u00a0371\u00a026199333 El\u012bna An\u0161mite Biroja administratore El\u012bna An\u0161mite Epasts:\u00a0elina.vasiljeva@baltica.lv Tel.:\u00a0+\u00a0371\u00a067873840\" \/>\n<meta property=\"og:url\" content=\"https:\/\/baltica.lv\/en\/staff\/\" \/>\n<meta property=\"og:site_name\" content=\"Baltic Shipping ku\u0123u a\u0123ent\u016bra\" \/>\n<meta property=\"article:modified_time\" content=\"2025-03-28T13:08:35+00:00\" \/>\n<meta property=\"og:image\" content=\"https:\/\/baltica.lv\/wp-content\/uploads\/2021\/10\/Untitled-design-12.jpg\" \/>\n<meta name=\"twitter:card\" content=\"summary_large_image\" \/>\n<meta name=\"twitter:label1\" content=\"Est. reading time\" \/>\n\t<meta name=\"twitter:data1\" content=\"2 minutes\" \/>\n<script type=\"application\/ld+json\" class=\"yoast-schema-graph\">{\"@context\":\"https:\/\/schema.org\",\"@graph\":[{\"@type\":\"WebPage\",\"@id\":\"https:\/\/baltica.lv\/personals\/\",\"url\":\"https:\/\/baltica.lv\/personals\/\",\"name\":\"Person\u0101ls\",\"isPartOf\":{\"@id\":\"https:\/\/baltica.lv\/#website\"},\"primaryImageOfPage\":{\"@id\":\"https:\/\/baltica.lv\/personals\/#primaryimage\"},\"image\":{\"@id\":\"https:\/\/baltica.lv\/personals\/#primaryimage\"},\"thumbnailUrl\":\"https:\/\/baltica.lv\/wp-content\/uploads\/2021\/10\/Untitled-design-12.jpg\",\"datePublished\":\"2021-10-21T14:36:36+00:00\",\"dateModified\":\"2025-03-28T13:08:35+00:00\",\"breadcrumb\":{\"@id\":\"https:\/\/baltica.lv\/personals\/#breadcrumb\"},\"inLanguage\":\"en-US\",\"potentialAction\":[{\"@type\":\"ReadAction\",\"target\":[\"https:\/\/baltica.lv\/personals\/\"]}]},{\"@type\":\"ImageObject\",\"inLanguage\":\"en-US\",\"@id\":\"https:\/\/baltica.lv\/personals\/#primaryimage\",\"url\":\"https:\/\/baltica.lv\/wp-content\/uploads\/2021\/10\/Untitled-design-12.jpg\",\"contentUrl\":\"https:\/\/baltica.lv\/wp-content\/uploads\/2021\/10\/Untitled-design-12.jpg\"},{\"@type\":\"BreadcrumbList\",\"@id\":\"https:\/\/baltica.lv\/personals\/#breadcrumb\",\"itemListElement\":[{\"@type\":\"ListItem\",\"position\":1,\"name\":\"Home\",\"item\":\"https:\/\/baltica.lv\/\"},{\"@type\":\"ListItem\",\"position\":2,\"name\":\"Person\u0101ls\"}]},{\"@type\":\"WebSite\",\"@id\":\"https:\/\/baltica.lv\/#website\",\"url\":\"https:\/\/baltica.lv\/\",\"name\":\"Blatica Shipping ku\u0123u a\u0123ent\u016bra\",\"description\":\"M\u0113s darbojamies k\u0101 ku\u0123u a\u0123enti vis\u0101s Latvijas un Igaunijas ost\u0101s. Ku\u0123u a\u0123ent\u0113\u0161anas pakalpojumi nodro\u0161ina efekt\u012bvu un prec\u012bzu j\u016bsu ku\u0123u oper\u0101ciju vad\u012bbu\",\"publisher\":{\"@id\":\"https:\/\/baltica.lv\/#organization\"},\"potentialAction\":[{\"@type\":\"SearchAction\",\"target\":{\"@type\":\"EntryPoint\",\"urlTemplate\":\"https:\/\/baltica.lv\/?s={search_term_string}\"},\"query-input\":{\"@type\":\"PropertyValueSpecification\",\"valueRequired\":true,\"valueName\":\"search_term_string\"}}],\"inLanguage\":\"en-US\"},{\"@type\":\"Organization\",\"@id\":\"https:\/\/baltica.lv\/#organization\",\"name\":\"Baltica Shipping\",\"url\":\"https:\/\/baltica.lv\/\",\"logo\":{\"@type\":\"ImageObject\",\"inLanguage\":\"en-US\",\"@id\":\"https:\/\/baltica.lv\/#\/schema\/logo\/image\/\",\"url\":\"https:\/\/baltica.lv\/wp-content\/uploads\/2024\/10\/Baltica_shipping-removebg-preview.png\",\"contentUrl\":\"https:\/\/baltica.lv\/wp-content\/uploads\/2024\/10\/Baltica_shipping-removebg-preview.png\",\"width\":311,\"height\":112,\"caption\":\"Baltica Shipping\"},\"image\":{\"@id\":\"https:\/\/baltica.lv\/#\/schema\/logo\/image\/\"}}]}<\/script>\n<!-- \/ Yoast SEO plugin. -->","yoast_head_json":{"title":"Person\u0101ls","robots":{"index":"index","follow":"follow","max-snippet":"max-snippet:-1","max-image-preview":"max-image-preview:large","max-video-preview":"max-video-preview:-1"},"canonical":"https:\/\/baltica.lv\/en\/staff\/","og_locale":"en_US","og_type":"article","og_title":"Person\u0101ls","og_description":"Didzis Andersons Ku\u0123u a\u0123ents Didzis Andersons Epasts:\u00a0baltica@baltica.lv Tel.:\u00a0+\u00a0371\u00a029196973 El\u012bna B\u0113rzi\u0146a Ku\u0123u a\u0123ents El\u012bna B\u0113rzi\u0146a Epasts:\u00a0baltica@baltica.lv Tel.:\u00a0+\u00a0371\u00a022023351 Art\u016brs T\u012ble Direktors Art\u016brs T\u012ble Epasts:\u00a0arturs.tile@baltica.lv Tel.:\u00a0+\u00a0371\u00a026336422 Inta Vinovska Ku\u0123u a\u0123ents Inta Vinovska Epasts:\u00a0baltica@baltica.lv Tel.:\u00a0+\u00a0371\u00a028011711 Vilnis Vosekalns Ku\u0123u a\u0123ents Vilnis Vosekalns Epasts:\u00a0baltica@baltica.lv Tel.:\u00a0+\u00a0371\u00a026199333 El\u012bna An\u0161mite Biroja administratore El\u012bna An\u0161mite Epasts:\u00a0elina.vasiljeva@baltica.lv Tel.:\u00a0+\u00a0371\u00a067873840","og_url":"https:\/\/baltica.lv\/en\/staff\/","og_site_name":"Baltic Shipping ku\u0123u a\u0123ent\u016bra","article_modified_time":"2025-03-28T13:08:35+00:00","og_image":[{"url":"https:\/\/baltica.lv\/wp-content\/uploads\/2021\/10\/Untitled-design-12.jpg","type":"","width":"","height":""}],"twitter_card":"summary_large_image","twitter_misc":{"Est. reading time":"2 minutes"},"schema":{"@context":"https:\/\/schema.org","@graph":[{"@type":"WebPage","@id":"https:\/\/baltica.lv\/personals\/","url":"https:\/\/baltica.lv\/personals\/","name":"Person\u0101ls","isPartOf":{"@id":"https:\/\/baltica.lv\/#website"},"primaryImageOfPage":{"@id":"https:\/\/baltica.lv\/personals\/#primaryimage"},"image":{"@id":"https:\/\/baltica.lv\/personals\/#primaryimage"},"thumbnailUrl":"https:\/\/baltica.lv\/wp-content\/uploads\/2021\/10\/Untitled-design-12.jpg","datePublished":"2021-10-21T14:36:36+00:00","dateModified":"2025-03-28T13:08:35+00:00","breadcrumb":{"@id":"https:\/\/baltica.lv\/personals\/#breadcrumb"},"inLanguage":"en-US","potentialAction":[{"@type":"ReadAction","target":["https:\/\/baltica.lv\/personals\/"]}]},{"@type":"ImageObject","inLanguage":"en-US","@id":"https:\/\/baltica.lv\/personals\/#primaryimage","url":"https:\/\/baltica.lv\/wp-content\/uploads\/2021\/10\/Untitled-design-12.jpg","contentUrl":"https:\/\/baltica.lv\/wp-content\/uploads\/2021\/10\/Untitled-design-12.jpg"},{"@type":"BreadcrumbList","@id":"https:\/\/baltica.lv\/personals\/#breadcrumb","itemListElement":[{"@type":"ListItem","position":1,"name":"Home","item":"https:\/\/baltica.lv\/"},{"@type":"ListItem","position":2,"name":"Person\u0101ls"}]},{"@type":"WebSite","@id":"https:\/\/baltica.lv\/#website","url":"https:\/\/baltica.lv\/","name":"Blatica Shipping ku\u0123u a\u0123ent\u016bra","description":"M\u0113s darbojamies k\u0101 ku\u0123u a\u0123enti vis\u0101s Latvijas un Igaunijas ost\u0101s. Ku\u0123u a\u0123ent\u0113\u0161anas pakalpojumi nodro\u0161ina efekt\u012bvu un prec\u012bzu j\u016bsu ku\u0123u oper\u0101ciju vad\u012bbu","publisher":{"@id":"https:\/\/baltica.lv\/#organization"},"potentialAction":[{"@type":"SearchAction","target":{"@type":"EntryPoint","urlTemplate":"https:\/\/baltica.lv\/?s={search_term_string}"},"query-input":{"@type":"PropertyValueSpecification","valueRequired":true,"valueName":"search_term_string"}}],"inLanguage":"en-US"},{"@type":"Organization","@id":"https:\/\/baltica.lv\/#organization","name":"Baltica Shipping","url":"https:\/\/baltica.lv\/","logo":{"@type":"ImageObject","inLanguage":"en-US","@id":"https:\/\/baltica.lv\/#\/schema\/logo\/image\/","url":"https:\/\/baltica.lv\/wp-content\/uploads\/2024\/10\/Baltica_shipping-removebg-preview.png","contentUrl":"https:\/\/baltica.lv\/wp-content\/uploads\/2024\/10\/Baltica_shipping-removebg-preview.png","width":311,"height":112,"caption":"Baltica Shipping"},"image":{"@id":"https:\/\/baltica.lv\/#\/schema\/logo\/image\/"}}]}},"_links":{"self":[{"href":"https:\/\/baltica.lv\/en\/wp-json\/wp\/v2\/pages\/149","targetHints":{"allow":["GET"]}}],"collection":[{"href":"https:\/\/baltica.lv\/en\/wp-json\/wp\/v2\/pages"}],"about":[{"href":"https:\/\/baltica.lv\/en\/wp-json\/wp\/v2\/types\/page"}],"author":[{"embeddable":true,"href":"https:\/\/baltica.lv\/en\/wp-json\/wp\/v2\/users\/1"}],"replies":[{"embeddable":true,"href":"https:\/\/baltica.lv\/en\/wp-json\/wp\/v2\/comments?post=149"}],"version-history":[{"count":12,"href":"https:\/\/baltica.lv\/en\/wp-json\/wp\/v2\/pages\/149\/revisions"}],"predecessor-version":[{"id":2289,"href":"https:\/\/baltica.lv\/en\/wp-json\/wp\/v2\/pages\/149\/revisions\/2289"}],"wp:attachment":[{"href":"https:\/\/baltica.lv\/en\/wp-json\/wp\/v2\/media?parent=149"}],"curies":[{"name":"wp","href":"https:\/\/api.w.org\/{rel}","templated":true}]}}